{"id":18345,"date":"2025-07-01T16:14:14","date_gmt":"2025-07-01T14:14:14","guid":{"rendered":"https:\/\/www.belgiumbearpride.be\/?page_id=18345"},"modified":"2025-07-08T13:46:12","modified_gmt":"2025-07-08T11:46:12","slug":"principes-en-waarden-van-belgium-bearpride","status":"publish","type":"page","link":"https:\/\/www.belgiumbearpride.be\/nl\/principes-en-waarden-van-belgium-bearpride\/","title":{"rendered":"Principes en Waarden"},"content":{"rendered":"\n<!DOCTYPE html>\n<html lang=\"nl\">\n<head>\n  <meta charset=\"UTF-8\" \/>\n  <meta name=\"viewport\" content=\"width=device-width, initial-scale=1.0\" \/>\n  <title>Principes en Waarden \u2013 Belgium Bearpride<\/title>\n  <link href=\"https:\/\/fonts.googleapis.com\/css2?family=Fredoka:wght@400;700&#038;display=swap\" rel=\"stylesheet\">\n  <style>\n    * {\n      box-sizing: border-box;\n    }\n\n    html, body {\n      margin: 0;\n      padding: 0;\n      background-color: #111827;\n      color: white;\n      font-family: 'Fredoka', sans-serif;\n      line-height: 1.7;\n      word-wrap: break-word;\n      overflow-wrap: break-word;\n    }\n\n    header {\n      padding: 2rem 1rem 1rem;\n      text-align: center;\n    }\n\n    header h1 {\n      font-size: 2.4rem;\n      margin: 0;\n      font-weight: 700;\n      color: #facc15; \/* GOLD BABY *\/\n    }\n\n    main {\n      padding: 2rem 1rem;\n      max-width: 960px;\n      margin: auto;\n    }\n\n    section {\n      padding: 1.5rem 0;\n      margin-bottom: 2rem;\n    }\n\n    h2 {\n      font-size: 1.6rem;\n      color: white;\n      text-align: center;\n      padding-inline: 1rem;\n      word-break: break-word;\n    }\n\n    p {\n      font-size: 1.1rem;\n      color: white;\n      text-align: center;\n      padding-inline: 1rem;\n    }\n\n    @media (max-width: 600px) {\n      header h1 {\n        font-size: 1.8rem;\n      }\n\n      h2 {\n        font-size: 1.3rem;\n      }\n\n      p {\n        font-size: 1rem;\n      }\n    }\n  <\/style>\n<\/head>\n<body>\n  <header>\n    <h1>Principes en Waarden van Belgium Bearpride<\/h1>\n  <\/header>\n  <main>\n    <section>\n      <h2>1. Inclusiviteit \u2013 WIJ zijn \u00c9\u00c9N<\/h2>\n      <p>Onze verschillen zijn onze kracht. Iedereen uit de LGBTQIAP+-gemeenschap \u00e9n de hetero-gemeenschap, ongeacht afkomst, is welkom bij de activiteiten van Belgium Bearpride.<\/p>\n    <\/section>\n    <section>\n      <h2>2. Bodypositiviteit \u2013 HOU VAN JEZELF<\/h2>\n      <p>Goed in je hoofd en goed in je lijf \u2013 elk lichaam is mooi. Belgium Bearpride staat klaar om je te ondersteunen in jouw traject.<\/p>\n    <\/section>\n    <section>\n      <h2>3. Solidariteit \u2013 SAMEN komen we verder<\/h2>\n      <p>Als groep staan we klaar om leden van de gemeenschap te helpen en te steunen.<\/p>\n    <\/section>\n    <section>\n      <h2>4. Safe Space \u2013 Rust en veiligheid<\/h2>\n      <p>Een plek waar je jezelf kunt zijn, in respect voor anderen en in alle veiligheid.<\/p>\n    <\/section>\n    <section>\n      <h2>5. Innovatief \u2013 De toekomst is samen<\/h2>\n      <p>Open voor de wereld en luisterend naar de samenleving, bouwen we mee aan de waarden van morgen.<\/p>\n    <\/section>\n    <section>\n      <h2>6. Positief zijn \u2013 Samen de toekomst bouwen<\/h2>\n      <p>In het leven moet je verder durven gaan dan hoop, uitdagingen omarmen en uiteindelijk de liefde bedrijven met succes. (Lionnel Delon Dagba)<\/p>\n    <\/section>\n  <\/main>\n<\/body>\n<\/html>\n\n\n\n\n<p><\/p>\n","protected":false},"excerpt":{"rendered":"<p class=\"card-text\">Principes en Waarden \u2013 Belgium Bearpride Principes en Waarden van Belgium Bearpride 1. Inclusiviteit \u2013 WIJ zijn \u00c9\u00c9N Onze verschillen zijn onze kracht. Iedereen uit de LGBTQIAP+-gemeenschap \u00e9n de hetero-gemeenschap, ongeacht afkomst, is welkom bij de activiteiten van Belgium Bearpride. 2. Bodypositiviteit \u2013 HOU VAN JEZELF Goed in je hoofd en goed in je lijf [&#8230;]<\/p>\n<p class=\"m-0\"><a class=\"btn btn-outline-secondary btn-read-more\" href=\"https:\/\/www.belgiumbearpride.be\/nl\/principes-en-waarden-van-belgium-bearpride\/\">Read More<\/a><\/p>\n","protected":false},"author":7,"featured_media":0,"parent":0,"menu_order":0,"comment_status":"closed","ping_status":"closed","template":"","meta":{"footnotes":""},"class_list":["post-18345","page","type-page","status-publish","hentry"],"yoast_head":"<!-- This site is optimized with the Yoast SEO plugin v27.4 - https:\/\/yoast.com\/product\/yoast-seo-wordpress\/ -->\n<title>Principes en Waarden - Belgium Bearpride<\/title>\n<meta name=\"robots\" content=\"index, follow, max-snippet:-1, max-image-preview:large, max-video-preview:-1\" \/>\n<link rel=\"canonical\" href=\"https:\/\/www.belgiumbearpride.be\/nl\/principes-en-waarden-van-belgium-bearpride\/\" \/>\n<meta property=\"og:locale\" content=\"nl_NL\" \/>\n<meta property=\"og:type\" content=\"article\" \/>\n<meta property=\"og:title\" content=\"Principes en Waarden - Belgium Bearpride\" \/>\n<meta property=\"og:description\" content=\"Principes en Waarden \u2013 Belgium Bearpride Principes en Waarden van Belgium Bearpride 1. Inclusiviteit \u2013 WIJ zijn \u00c9\u00c9N Onze verschillen zijn onze kracht. Iedereen uit de LGBTQIAP+-gemeenschap \u00e9n de hetero-gemeenschap, ongeacht afkomst, is welkom bij de activiteiten van Belgium Bearpride. 2. Bodypositiviteit \u2013 HOU VAN JEZELF Goed in je hoofd en goed in je lijf [...]Read More\" \/>\n<meta property=\"og:url\" content=\"https:\/\/www.belgiumbearpride.be\/nl\/principes-en-waarden-van-belgium-bearpride\/\" \/>\n<meta property=\"og:site_name\" content=\"Belgium Bearpride\" \/>\n<meta property=\"article:publisher\" content=\"https:\/\/www.facebook.com\/mrbearbelgium\" \/>\n<meta property=\"article:modified_time\" content=\"2025-07-08T11:46:12+00:00\" \/>\n<meta name=\"twitter:card\" content=\"summary_large_image\" \/>\n<meta name=\"twitter:label1\" content=\"Geschatte leestijd\" \/>\n\t<meta name=\"twitter:data1\" content=\"1 minuut\" \/>\n<script type=\"application\/ld+json\" class=\"yoast-schema-graph\">{\"@context\":\"https:\\\/\\\/schema.org\",\"@graph\":[{\"@type\":\"WebPage\",\"@id\":\"https:\\\/\\\/www.belgiumbearpride.be\\\/nl\\\/principes-en-waarden-van-belgium-bearpride\\\/\",\"url\":\"https:\\\/\\\/www.belgiumbearpride.be\\\/nl\\\/principes-en-waarden-van-belgium-bearpride\\\/\",\"name\":\"Principes en Waarden - Belgium Bearpride\",\"isPartOf\":{\"@id\":\"https:\\\/\\\/www.belgiumbearpride.be\\\/nl\\\/#website\"},\"datePublished\":\"2025-07-01T14:14:14+00:00\",\"dateModified\":\"2025-07-08T11:46:12+00:00\",\"breadcrumb\":{\"@id\":\"https:\\\/\\\/www.belgiumbearpride.be\\\/nl\\\/principes-en-waarden-van-belgium-bearpride\\\/#breadcrumb\"},\"inLanguage\":\"nl-NL\",\"potentialAction\":[{\"@type\":\"ReadAction\",\"target\":[\"https:\\\/\\\/www.belgiumbearpride.be\\\/nl\\\/principes-en-waarden-van-belgium-bearpride\\\/\"]}]},{\"@type\":\"BreadcrumbList\",\"@id\":\"https:\\\/\\\/www.belgiumbearpride.be\\\/nl\\\/principes-en-waarden-van-belgium-bearpride\\\/#breadcrumb\",\"itemListElement\":[{\"@type\":\"ListItem\",\"position\":1,\"name\":\"Home\",\"item\":\"https:\\\/\\\/www.belgiumbearpride.be\\\/nl\\\/\"},{\"@type\":\"ListItem\",\"position\":2,\"name\":\"Principes en Waarden\"}]},{\"@type\":\"WebSite\",\"@id\":\"https:\\\/\\\/www.belgiumbearpride.be\\\/nl\\\/#website\",\"url\":\"https:\\\/\\\/www.belgiumbearpride.be\\\/nl\\\/\",\"name\":\"Belgium Bearpride\",\"description\":\"\",\"publisher\":{\"@id\":\"https:\\\/\\\/www.belgiumbearpride.be\\\/nl\\\/#organization\"},\"potentialAction\":[{\"@type\":\"SearchAction\",\"target\":{\"@type\":\"EntryPoint\",\"urlTemplate\":\"https:\\\/\\\/www.belgiumbearpride.be\\\/nl\\\/?s={search_term_string}\"},\"query-input\":{\"@type\":\"PropertyValueSpecification\",\"valueRequired\":true,\"valueName\":\"search_term_string\"}}],\"inLanguage\":\"nl-NL\"},{\"@type\":\"Organization\",\"@id\":\"https:\\\/\\\/www.belgiumbearpride.be\\\/nl\\\/#organization\",\"name\":\"Belgium Bearpride\",\"url\":\"https:\\\/\\\/www.belgiumbearpride.be\\\/nl\\\/\",\"logo\":{\"@type\":\"ImageObject\",\"inLanguage\":\"nl-NL\",\"@id\":\"https:\\\/\\\/www.belgiumbearpride.be\\\/nl\\\/#\\\/schema\\\/logo\\\/image\\\/\",\"url\":\"\",\"contentUrl\":\"\",\"caption\":\"Belgium Bearpride\"},\"image\":{\"@id\":\"https:\\\/\\\/www.belgiumbearpride.be\\\/nl\\\/#\\\/schema\\\/logo\\\/image\\\/\"},\"sameAs\":[\"https:\\\/\\\/www.facebook.com\\\/mrbearbelgium\",\"https:\\\/\\\/www.youtube.com\\\/channel\\\/UCxBDXniEAjLsFzN2ToLe8Jw\",\"https:\\\/\\\/www.instagram.com\\\/belgiumbearpride\\\/\"]}]}<\/script>\n<!-- \/ Yoast SEO plugin. -->","yoast_head_json":{"title":"Principes en Waarden - Belgium Bearpride","robots":{"index":"index","follow":"follow","max-snippet":"max-snippet:-1","max-image-preview":"max-image-preview:large","max-video-preview":"max-video-preview:-1"},"canonical":"https:\/\/www.belgiumbearpride.be\/nl\/principes-en-waarden-van-belgium-bearpride\/","og_locale":"nl_NL","og_type":"article","og_title":"Principes en Waarden - Belgium Bearpride","og_description":"Principes en Waarden \u2013 Belgium Bearpride Principes en Waarden van Belgium Bearpride 1. Inclusiviteit \u2013 WIJ zijn \u00c9\u00c9N Onze verschillen zijn onze kracht. Iedereen uit de LGBTQIAP+-gemeenschap \u00e9n de hetero-gemeenschap, ongeacht afkomst, is welkom bij de activiteiten van Belgium Bearpride. 2. Bodypositiviteit \u2013 HOU VAN JEZELF Goed in je hoofd en goed in je lijf [...]Read More","og_url":"https:\/\/www.belgiumbearpride.be\/nl\/principes-en-waarden-van-belgium-bearpride\/","og_site_name":"Belgium Bearpride","article_publisher":"https:\/\/www.facebook.com\/mrbearbelgium","article_modified_time":"2025-07-08T11:46:12+00:00","twitter_card":"summary_large_image","twitter_misc":{"Geschatte leestijd":"1 minuut"},"schema":{"@context":"https:\/\/schema.org","@graph":[{"@type":"WebPage","@id":"https:\/\/www.belgiumbearpride.be\/nl\/principes-en-waarden-van-belgium-bearpride\/","url":"https:\/\/www.belgiumbearpride.be\/nl\/principes-en-waarden-van-belgium-bearpride\/","name":"Principes en Waarden - Belgium Bearpride","isPartOf":{"@id":"https:\/\/www.belgiumbearpride.be\/nl\/#website"},"datePublished":"2025-07-01T14:14:14+00:00","dateModified":"2025-07-08T11:46:12+00:00","breadcrumb":{"@id":"https:\/\/www.belgiumbearpride.be\/nl\/principes-en-waarden-van-belgium-bearpride\/#breadcrumb"},"inLanguage":"nl-NL","potentialAction":[{"@type":"ReadAction","target":["https:\/\/www.belgiumbearpride.be\/nl\/principes-en-waarden-van-belgium-bearpride\/"]}]},{"@type":"BreadcrumbList","@id":"https:\/\/www.belgiumbearpride.be\/nl\/principes-en-waarden-van-belgium-bearpride\/#breadcrumb","itemListElement":[{"@type":"ListItem","position":1,"name":"Home","item":"https:\/\/www.belgiumbearpride.be\/nl\/"},{"@type":"ListItem","position":2,"name":"Principes en Waarden"}]},{"@type":"WebSite","@id":"https:\/\/www.belgiumbearpride.be\/nl\/#website","url":"https:\/\/www.belgiumbearpride.be\/nl\/","name":"Belgium Bearpride","description":"","publisher":{"@id":"https:\/\/www.belgiumbearpride.be\/nl\/#organization"},"potentialAction":[{"@type":"SearchAction","target":{"@type":"EntryPoint","urlTemplate":"https:\/\/www.belgiumbearpride.be\/nl\/?s={search_term_string}"},"query-input":{"@type":"PropertyValueSpecification","valueRequired":true,"valueName":"search_term_string"}}],"inLanguage":"nl-NL"},{"@type":"Organization","@id":"https:\/\/www.belgiumbearpride.be\/nl\/#organization","name":"Belgium Bearpride","url":"https:\/\/www.belgiumbearpride.be\/nl\/","logo":{"@type":"ImageObject","inLanguage":"nl-NL","@id":"https:\/\/www.belgiumbearpride.be\/nl\/#\/schema\/logo\/image\/","url":"","contentUrl":"","caption":"Belgium Bearpride"},"image":{"@id":"https:\/\/www.belgiumbearpride.be\/nl\/#\/schema\/logo\/image\/"},"sameAs":["https:\/\/www.facebook.com\/mrbearbelgium","https:\/\/www.youtube.com\/channel\/UCxBDXniEAjLsFzN2ToLe8Jw","https:\/\/www.instagram.com\/belgiumbearpride\/"]}]}},"_links":{"self":[{"href":"https:\/\/www.belgiumbearpride.be\/nl\/wp-json\/wp\/v2\/pages\/18345","targetHints":{"allow":["GET"]}}],"collection":[{"href":"https:\/\/www.belgiumbearpride.be\/nl\/wp-json\/wp\/v2\/pages"}],"about":[{"href":"https:\/\/www.belgiumbearpride.be\/nl\/wp-json\/wp\/v2\/types\/page"}],"author":[{"embeddable":true,"href":"https:\/\/www.belgiumbearpride.be\/nl\/wp-json\/wp\/v2\/users\/7"}],"replies":[{"embeddable":true,"href":"https:\/\/www.belgiumbearpride.be\/nl\/wp-json\/wp\/v2\/comments?post=18345"}],"version-history":[{"count":0,"href":"https:\/\/www.belgiumbearpride.be\/nl\/wp-json\/wp\/v2\/pages\/18345\/revisions"}],"wp:attachment":[{"href":"https:\/\/www.belgiumbearpride.be\/nl\/wp-json\/wp\/v2\/media?parent=18345"}],"curies":[{"name":"wp","href":"https:\/\/api.w.org\/{rel}","templated":true}]}}