{"id":60453,"date":"2026-03-30T15:46:16","date_gmt":"2026-03-30T13:46:16","guid":{"rendered":"https:\/\/www.belgiumbearpride.be\/?page_id=60453"},"modified":"2026-04-21T21:00:29","modified_gmt":"2026-04-21T19:00:29","slug":"bearsonscreen","status":"publish","type":"page","link":"https:\/\/www.belgiumbearpride.be\/fr\/bearsonscreen\/","title":{"rendered":"Bears on screen"},"content":{"rendered":"\n<div style=\"max-width: 850px; margin: 20px auto; font-family: Arial, sans-serif; background: transparent;\">\n\n    <div style=\"text-align: center; margin-bottom: 30px;\">\n        <img decoding=\"async\" src=\"https:\/\/www.belgiumbearpride.be\/wp-content\/uploads\/2026\/04\/posterv3_clean.jpg\" alt=\"Bears on Screen\" style=\"width: 60%; min-width: 300px; height: auto; border-radius: 5px; box-shadow: 0 5px 15px rgba(0,0,0,0.5); border: 1px solid rgba(255, 215, 0, 0.3);\">\n    <\/div>\n\n    <div style=\"color: #ffffff; line-height: 1.8; text-align: left;\">\n        \n        <h2 style=\"color: #FFD700; font-size: 28px; margin-bottom: 20px; text-transform: uppercase; text-align: center;\">\n            Bears on Screen\n        <\/h2>\n\n        <p style=\"font-size: 18px; color: #ffffff;\">\n            La <span style=\"color: #FFD700; font-weight: bold;\">Belgium Bearpride<\/span> organise <strong>Bears on Screen<\/strong> : une soir\u00e9e de courts m\u00e9trages d\u00e9di\u00e9e \u00e0 la communaut\u00e9 bear, ces hommes poilus, enrob\u00e9s et assum\u00e9s qui c\u00e9l\u00e8brent leurs corps tels qu&#8217;ils sont.\n        <\/p>\n\n        <p style=\"font-size: 18px; color: #ffffff;\">\n            Au programme : quatre films internationaux, authentiques et touchants, qui c\u00e9l\u00e8brent la <strong>body positivity<\/strong> et donnent enfin de la visibilit\u00e9 aux corps et aux histoires trop souvent absents des \u00e9crans.\n        <\/p>\n\n        <div style=\"margin: 25px 0; padding: 15px 20px; border-left: 4px solid #FFD700; background: rgba(255, 255, 255, 0.05);\">\n            <p style=\"font-size: 18px; color: #ffffff; margin: 0; font-style: italic;\">\n                Des r\u00e9cits qui parlent d&#8217;amour, de corps assum\u00e9s, de relations et de vieillir ensemble &#8211; port\u00e9s par des personnages de tous les \u00e2ges, sans filtre et sans jugement. Des histoires qui touchent, qui font sourire, qui \u00e9meuvent.\n            <\/p>\n        <\/div>\n\n        <p style=\"font-size: 18px; color: #ffffff; margin-top: 25px;\">\n            Ouverte \u00e0 toustes, la soir\u00e9e se veut bienveillante et inclusive. Que vous fassiez partie de la communaut\u00e9 bear ou que vous soyez simplement curieux\u00b7se, vous \u00eates les bienvenu\u00b7e\u00b7s. <span style=\"color: #FFD700; font-weight: bold;\">Venez comme vous \u00eates.<\/span>\n        <\/p>\n\n    <\/div>\n<\/div>\n\n\n\n<div style=\"text-align: center; margin: 30px 0; font-family: Arial, sans-serif;\">\n    <a href=\"https:\/\/www.instagram.com\/bears.on.screen\" target=\"_blank\" rel=\"noopener\" style=\"display: inline-flex; align-items: center; background-color: transparent; color: #FFD700; border: 2px solid #FFD700; padding: 12px 25px; text-decoration: none; border-radius: 50px; font-weight: bold; font-size: 16px; transition: all 0.3s ease;\">\n        <svg style=\"width: 24px; height: 24px; margin-right: 10px; fill: #FFD700;\" viewBox=\"0 0 24 24\">\n            <path d=\"M12 2.163c3.204 0 3.584.012 4.85.07 3.252.148 4.771 1.691 4.919 4.919.058 1.265.069 1.645.069 4.849 0 3.205-.012 3.584-.069 4.849-.149 3.225-1.664 4.771-4.919 4.919-1.266.058-1.644.07-4.85.07-3.204 0-3.584-.012-4.849-.07-3.26-.149-4.771-1.699-4.919-4.92-.058-1.265-.07-1.644-.07-4.849 0-3.204.013-3.583.07-4.849.149-3.227 1.664-4.771 4.919-4.919 1.266-.057 1.645-.069 4.849-.069zm0-2.163c-3.259 0-3.667.014-4.947.072-4.358.2-6.78 2.618-6.98 6.98-.059 1.281-.073 1.689-.073 4.948 0 3.259.014 3.668.072 4.948.2 4.358 2.618 6.78 6.98 6.98 1.281.058 1.689.072 4.948.072 3.259 0 3.668-.014 4.948-.072 4.354-.2 6.782-2.618 6.979-6.98.059-1.28.073-1.689.073-4.948 0-3.259-.014-3.667-.072-4.947-.196-4.354-2.617-6.78-6.979-6.98-1.281-.058-1.69-.072-4.949-.072zm0 5.838c-3.403 0-6.162 2.759-6.162 6.162s2.759 6.163 6.162 6.163 6.162-2.759 6.162-6.163c0-3.403-2.759-6.162-6.162-6.162zm0 10.162c-2.209 0-4-1.79-4-4 0-2.209 1.791-4 4-4s4 1.791 4 4c0 2.21-1.791 4-4 4zm6.406-11.845c-.796 0-1.441.645-1.441 1.44s.645 1.44 1.441 1.44c.795 0 1.439-.645 1.439-1.44s-.644-1.44-1.439-1.44z\"\/>\n        <\/svg>\n        Suivez Bear son Screen\n    <\/a>\n<\/div>\n","protected":false},"excerpt":{"rendered":"<p class=\"card-text\">Bears on Screen La Belgium Bearpride organise Bears on Screen : une soir\u00e9e de courts m\u00e9trages d\u00e9di\u00e9e \u00e0 la communaut\u00e9 bear, ces hommes poilus, enrob\u00e9s et assum\u00e9s qui c\u00e9l\u00e8brent leurs corps tels qu&#8217;ils sont. Au programme : quatre films internationaux, authentiques et touchants, qui c\u00e9l\u00e8brent la body positivity et donnent enfin de la visibilit\u00e9 aux [&#8230;]<\/p>\n<p class=\"m-0\"><a class=\"btn btn-outline-secondary btn-read-more\" href=\"https:\/\/www.belgiumbearpride.be\/fr\/bearsonscreen\/\">Read More<\/a><\/p>\n","protected":false},"author":7,"featured_media":0,"parent":0,"menu_order":0,"comment_status":"closed","ping_status":"closed","template":"","meta":{"footnotes":""},"class_list":["post-60453","page","type-page","status-publish","hentry"],"yoast_head":"<!-- This site is optimized with the Yoast SEO plugin v27.4 - https:\/\/yoast.com\/product\/yoast-seo-wordpress\/ -->\n<title>Bears on screen - Belgium Bearpride<\/title>\n<meta name=\"robots\" content=\"index, nofollow, max-snippet:-1, max-image-preview:large, max-video-preview:-1\" \/>\n<link rel=\"canonical\" href=\"https:\/\/www.belgiumbearpride.be\/fr\/bearsonscreen\/\" \/>\n<meta property=\"og:locale\" content=\"fr_FR\" \/>\n<meta property=\"og:type\" content=\"article\" \/>\n<meta property=\"og:title\" content=\"Bears on screen - Belgium Bearpride\" \/>\n<meta property=\"og:description\" content=\"Bears on Screen La Belgium Bearpride organise Bears on Screen : une soir\u00e9e de courts m\u00e9trages d\u00e9di\u00e9e \u00e0 la communaut\u00e9 bear, ces hommes poilus, enrob\u00e9s et assum\u00e9s qui c\u00e9l\u00e8brent leurs corps tels qu&#8217;ils sont. Au programme : quatre films internationaux, authentiques et touchants, qui c\u00e9l\u00e8brent la body positivity et donnent enfin de la visibilit\u00e9 aux [...]Read More\" \/>\n<meta property=\"og:url\" content=\"https:\/\/www.belgiumbearpride.be\/fr\/bearsonscreen\/\" \/>\n<meta property=\"og:site_name\" content=\"Belgium Bearpride\" \/>\n<meta property=\"article:publisher\" content=\"https:\/\/www.facebook.com\/mrbearbelgium\" \/>\n<meta property=\"article:modified_time\" content=\"2026-04-21T19:00:29+00:00\" \/>\n<meta property=\"og:image\" content=\"https:\/\/www.belgiumbearpride.be\/wp-content\/uploads\/2026\/04\/posterv3_clean.jpg\" \/>\n<meta name=\"twitter:card\" content=\"summary_large_image\" \/>\n<meta name=\"twitter:label1\" content=\"Dur\u00e9e de lecture estim\u00e9e\" \/>\n\t<meta name=\"twitter:data1\" content=\"1 minute\" \/>\n<script type=\"application\/ld+json\" class=\"yoast-schema-graph\">{\"@context\":\"https:\\\/\\\/schema.org\",\"@graph\":[{\"@type\":\"WebPage\",\"@id\":\"https:\\\/\\\/www.belgiumbearpride.be\\\/fr\\\/bearsonscreen\\\/\",\"url\":\"https:\\\/\\\/www.belgiumbearpride.be\\\/fr\\\/bearsonscreen\\\/\",\"name\":\"Bears on screen - Belgium Bearpride\",\"isPartOf\":{\"@id\":\"https:\\\/\\\/www.belgiumbearpride.be\\\/fr\\\/#website\"},\"primaryImageOfPage\":{\"@id\":\"https:\\\/\\\/www.belgiumbearpride.be\\\/fr\\\/bearsonscreen\\\/#primaryimage\"},\"image\":{\"@id\":\"https:\\\/\\\/www.belgiumbearpride.be\\\/fr\\\/bearsonscreen\\\/#primaryimage\"},\"thumbnailUrl\":\"https:\\\/\\\/www.belgiumbearpride.be\\\/wp-content\\\/uploads\\\/2026\\\/04\\\/posterv3_clean.jpg\",\"datePublished\":\"2026-03-30T13:46:16+00:00\",\"dateModified\":\"2026-04-21T19:00:29+00:00\",\"breadcrumb\":{\"@id\":\"https:\\\/\\\/www.belgiumbearpride.be\\\/fr\\\/bearsonscreen\\\/#breadcrumb\"},\"inLanguage\":\"fr-FR\",\"potentialAction\":[{\"@type\":\"ReadAction\",\"target\":[\"https:\\\/\\\/www.belgiumbearpride.be\\\/fr\\\/bearsonscreen\\\/\"]}]},{\"@type\":\"ImageObject\",\"inLanguage\":\"fr-FR\",\"@id\":\"https:\\\/\\\/www.belgiumbearpride.be\\\/fr\\\/bearsonscreen\\\/#primaryimage\",\"url\":\"https:\\\/\\\/www.belgiumbearpride.be\\\/wp-content\\\/uploads\\\/2026\\\/04\\\/posterv3_clean.jpg\",\"contentUrl\":\"https:\\\/\\\/www.belgiumbearpride.be\\\/wp-content\\\/uploads\\\/2026\\\/04\\\/posterv3_clean.jpg\"},{\"@type\":\"BreadcrumbList\",\"@id\":\"https:\\\/\\\/www.belgiumbearpride.be\\\/fr\\\/bearsonscreen\\\/#breadcrumb\",\"itemListElement\":[{\"@type\":\"ListItem\",\"position\":1,\"name\":\"Home\",\"item\":\"https:\\\/\\\/www.belgiumbearpride.be\\\/fr\\\/\"},{\"@type\":\"ListItem\",\"position\":2,\"name\":\"Bears on screen\"}]},{\"@type\":\"WebSite\",\"@id\":\"https:\\\/\\\/www.belgiumbearpride.be\\\/fr\\\/#website\",\"url\":\"https:\\\/\\\/www.belgiumbearpride.be\\\/fr\\\/\",\"name\":\"Belgium Bearpride\",\"description\":\"\",\"publisher\":{\"@id\":\"https:\\\/\\\/www.belgiumbearpride.be\\\/fr\\\/#organization\"},\"potentialAction\":[{\"@type\":\"SearchAction\",\"target\":{\"@type\":\"EntryPoint\",\"urlTemplate\":\"https:\\\/\\\/www.belgiumbearpride.be\\\/fr\\\/?s={search_term_string}\"},\"query-input\":{\"@type\":\"PropertyValueSpecification\",\"valueRequired\":true,\"valueName\":\"search_term_string\"}}],\"inLanguage\":\"fr-FR\"},{\"@type\":\"Organization\",\"@id\":\"https:\\\/\\\/www.belgiumbearpride.be\\\/fr\\\/#organization\",\"name\":\"Belgium Bearpride\",\"url\":\"https:\\\/\\\/www.belgiumbearpride.be\\\/fr\\\/\",\"logo\":{\"@type\":\"ImageObject\",\"inLanguage\":\"fr-FR\",\"@id\":\"https:\\\/\\\/www.belgiumbearpride.be\\\/fr\\\/#\\\/schema\\\/logo\\\/image\\\/\",\"url\":\"\",\"contentUrl\":\"\",\"caption\":\"Belgium Bearpride\"},\"image\":{\"@id\":\"https:\\\/\\\/www.belgiumbearpride.be\\\/fr\\\/#\\\/schema\\\/logo\\\/image\\\/\"},\"sameAs\":[\"https:\\\/\\\/www.facebook.com\\\/mrbearbelgium\",\"https:\\\/\\\/www.youtube.com\\\/channel\\\/UCxBDXniEAjLsFzN2ToLe8Jw\",\"https:\\\/\\\/www.instagram.com\\\/belgiumbearpride\\\/\"]}]}<\/script>\n<!-- \/ Yoast SEO plugin. -->","yoast_head_json":{"title":"Bears on screen - Belgium Bearpride","robots":{"index":"index","follow":"nofollow","max-snippet":"max-snippet:-1","max-image-preview":"max-image-preview:large","max-video-preview":"max-video-preview:-1"},"canonical":"https:\/\/www.belgiumbearpride.be\/fr\/bearsonscreen\/","og_locale":"fr_FR","og_type":"article","og_title":"Bears on screen - Belgium Bearpride","og_description":"Bears on Screen La Belgium Bearpride organise Bears on Screen : une soir\u00e9e de courts m\u00e9trages d\u00e9di\u00e9e \u00e0 la communaut\u00e9 bear, ces hommes poilus, enrob\u00e9s et assum\u00e9s qui c\u00e9l\u00e8brent leurs corps tels qu&#8217;ils sont. Au programme : quatre films internationaux, authentiques et touchants, qui c\u00e9l\u00e8brent la body positivity et donnent enfin de la visibilit\u00e9 aux [...]Read More","og_url":"https:\/\/www.belgiumbearpride.be\/fr\/bearsonscreen\/","og_site_name":"Belgium Bearpride","article_publisher":"https:\/\/www.facebook.com\/mrbearbelgium","article_modified_time":"2026-04-21T19:00:29+00:00","og_image":[{"url":"https:\/\/www.belgiumbearpride.be\/wp-content\/uploads\/2026\/04\/posterv3_clean.jpg","type":"","width":"","height":""}],"twitter_card":"summary_large_image","twitter_misc":{"Dur\u00e9e de lecture estim\u00e9e":"1 minute"},"schema":{"@context":"https:\/\/schema.org","@graph":[{"@type":"WebPage","@id":"https:\/\/www.belgiumbearpride.be\/fr\/bearsonscreen\/","url":"https:\/\/www.belgiumbearpride.be\/fr\/bearsonscreen\/","name":"Bears on screen - Belgium Bearpride","isPartOf":{"@id":"https:\/\/www.belgiumbearpride.be\/fr\/#website"},"primaryImageOfPage":{"@id":"https:\/\/www.belgiumbearpride.be\/fr\/bearsonscreen\/#primaryimage"},"image":{"@id":"https:\/\/www.belgiumbearpride.be\/fr\/bearsonscreen\/#primaryimage"},"thumbnailUrl":"https:\/\/www.belgiumbearpride.be\/wp-content\/uploads\/2026\/04\/posterv3_clean.jpg","datePublished":"2026-03-30T13:46:16+00:00","dateModified":"2026-04-21T19:00:29+00:00","breadcrumb":{"@id":"https:\/\/www.belgiumbearpride.be\/fr\/bearsonscreen\/#breadcrumb"},"inLanguage":"fr-FR","potentialAction":[{"@type":"ReadAction","target":["https:\/\/www.belgiumbearpride.be\/fr\/bearsonscreen\/"]}]},{"@type":"ImageObject","inLanguage":"fr-FR","@id":"https:\/\/www.belgiumbearpride.be\/fr\/bearsonscreen\/#primaryimage","url":"https:\/\/www.belgiumbearpride.be\/wp-content\/uploads\/2026\/04\/posterv3_clean.jpg","contentUrl":"https:\/\/www.belgiumbearpride.be\/wp-content\/uploads\/2026\/04\/posterv3_clean.jpg"},{"@type":"BreadcrumbList","@id":"https:\/\/www.belgiumbearpride.be\/fr\/bearsonscreen\/#breadcrumb","itemListElement":[{"@type":"ListItem","position":1,"name":"Home","item":"https:\/\/www.belgiumbearpride.be\/fr\/"},{"@type":"ListItem","position":2,"name":"Bears on screen"}]},{"@type":"WebSite","@id":"https:\/\/www.belgiumbearpride.be\/fr\/#website","url":"https:\/\/www.belgiumbearpride.be\/fr\/","name":"Belgium Bearpride","description":"","publisher":{"@id":"https:\/\/www.belgiumbearpride.be\/fr\/#organization"},"potentialAction":[{"@type":"SearchAction","target":{"@type":"EntryPoint","urlTemplate":"https:\/\/www.belgiumbearpride.be\/fr\/?s={search_term_string}"},"query-input":{"@type":"PropertyValueSpecification","valueRequired":true,"valueName":"search_term_string"}}],"inLanguage":"fr-FR"},{"@type":"Organization","@id":"https:\/\/www.belgiumbearpride.be\/fr\/#organization","name":"Belgium Bearpride","url":"https:\/\/www.belgiumbearpride.be\/fr\/","logo":{"@type":"ImageObject","inLanguage":"fr-FR","@id":"https:\/\/www.belgiumbearpride.be\/fr\/#\/schema\/logo\/image\/","url":"","contentUrl":"","caption":"Belgium Bearpride"},"image":{"@id":"https:\/\/www.belgiumbearpride.be\/fr\/#\/schema\/logo\/image\/"},"sameAs":["https:\/\/www.facebook.com\/mrbearbelgium","https:\/\/www.youtube.com\/channel\/UCxBDXniEAjLsFzN2ToLe8Jw","https:\/\/www.instagram.com\/belgiumbearpride\/"]}]}},"_links":{"self":[{"href":"https:\/\/www.belgiumbearpride.be\/fr\/wp-json\/wp\/v2\/pages\/60453","targetHints":{"allow":["GET"]}}],"collection":[{"href":"https:\/\/www.belgiumbearpride.be\/fr\/wp-json\/wp\/v2\/pages"}],"about":[{"href":"https:\/\/www.belgiumbearpride.be\/fr\/wp-json\/wp\/v2\/types\/page"}],"author":[{"embeddable":true,"href":"https:\/\/www.belgiumbearpride.be\/fr\/wp-json\/wp\/v2\/users\/7"}],"replies":[{"embeddable":true,"href":"https:\/\/www.belgiumbearpride.be\/fr\/wp-json\/wp\/v2\/comments?post=60453"}],"version-history":[{"count":3,"href":"https:\/\/www.belgiumbearpride.be\/fr\/wp-json\/wp\/v2\/pages\/60453\/revisions"}],"predecessor-version":[{"id":60735,"href":"https:\/\/www.belgiumbearpride.be\/fr\/wp-json\/wp\/v2\/pages\/60453\/revisions\/60735"}],"wp:attachment":[{"href":"https:\/\/www.belgiumbearpride.be\/fr\/wp-json\/wp\/v2\/media?parent=60453"}],"curies":[{"name":"wp","href":"https:\/\/api.w.org\/{rel}","templated":true}]}}