{"id":18343,"date":"2025-07-01T16:11:45","date_gmt":"2025-07-01T14:11:45","guid":{"rendered":"https:\/\/www.belgiumbearpride.be\/?page_id=18343"},"modified":"2025-07-08T13:48:03","modified_gmt":"2025-07-08T11:48:03","slug":"principes-et-valeurs-de-la-belgium-bearpride","status":"publish","type":"page","link":"https:\/\/www.belgiumbearpride.be\/fr\/principes-et-valeurs-de-la-belgium-bearpride\/","title":{"rendered":"Principes et Valeurs"},"content":{"rendered":"\n<!DOCTYPE html>\n<html lang=\"fr\">\n<head>\n  <meta charset=\"UTF-8\" \/>\n  <meta name=\"viewport\" content=\"width=device-width, initial-scale=1.0\" \/>\n  <title>Principes et Valeurs \u2013 Belgium Bearpride<\/title>\n  <link href=\"https:\/\/fonts.googleapis.com\/css2?family=Fredoka:wght@400;700&#038;display=swap\" rel=\"stylesheet\">\n  <style>\n    * {\n      box-sizing: border-box;\n    }\n\n    html, body {\n      margin: 0;\n      padding: 0;\n      background-color: #111827;\n      color: white;\n      font-family: 'Fredoka', sans-serif;\n      line-height: 1.7;\n      word-wrap: break-word;\n      overflow-wrap: break-word;\n    }\n\n    header {\n      padding: 2rem 1rem 1rem;\n      text-align: center;\n    }\n\n    header h1 {\n      font-size: 2.4rem;\n      margin: 0;\n      font-weight: 700;\n      color: #facc15; \/* couleur or *\/\n    }\n\n    main {\n      padding: 2rem 1rem;\n      max-width: 960px;\n      margin: auto;\n    }\n\n    section {\n      padding: 1.5rem 0;\n      margin-bottom: 2rem;\n    }\n\n    h2 {\n      font-size: 1.6rem;\n      color: white;\n      margin-top: 0;\n      text-align: center;\n      padding-inline: 1rem;\n      word-break: break-word;\n      hyphens: auto;\n    }\n\n    p {\n      font-size: 1.1rem;\n      color: white;\n      text-align: center;\n      padding-inline: 1rem;\n    }\n\n    @media (max-width: 600px) {\n      header h1 {\n        font-size: 1.8rem;\n      }\n\n      h2 {\n        font-size: 1.3rem;\n      }\n\n      p {\n        font-size: 1rem;\n      }\n    }\n  <\/style>\n<\/head>\n<body>\n  <header>\n    <h1>Principes et Valeurs de la Belgium Bearpride<\/h1>\n  <\/header>\n  <main>\n    <section>\n      <h2>1. Inclusivit\u00e9 \u2013 NOUS sommes UN<\/h2>\n      <p>Nos diff\u00e9rences sont nos forces, l&#8217;ensemble des membres de la communaut\u00e9 LGBTQIAP+ et de la communaut\u00e9 h\u00e9t\u00e9ro, de toutes origines, sont les bienvenus dans les activit\u00e9s de la Belgium Bearpride.<\/p>\n    <\/section>\n    <section>\n      <h2>2. Bodypositivit\u00e9 \u2013 Aimes-TOI<\/h2>\n      <p>\u00catre bien dans ta t\u00eate et dans ton corps, toutes les morphologies sont belles. La Belgium Bearpride est l\u00e0 pour t&#8217;aider dans ton cheminement.<\/p>\n    <\/section>\n    <section>\n      <h2>3. Solidarit\u00e9 \u2013 ENSEMBLE nous allons plus loin<\/h2>\n      <p>En tant que groupe, nous sommes l\u00e0 pour aider et supporter les membres de la communaut\u00e9.<\/p>\n    <\/section>\n    <section>\n      <h2>4. Safe Place \u2013 S\u00e9r\u00e9nit\u00e9<\/h2>\n      <p>Un espace o\u00f9 on est libre d&#8217;\u00eatre soi dans le respect des autres, en toute s\u00e9curit\u00e9.<\/p>\n    <\/section>\n    <section>\n      <h2>5. Innovateur \u2013 L\u2019avenir est ensemble<\/h2>\n      <p>\u00c0 l&#8217;\u00e9coute de la soci\u00e9t\u00e9 et ouverts sur le monde, nous influons les valeurs de demain.<\/p>\n    <\/section>\n    <section>\n      <h2>6. Be Positif \u2013 Pour construire l\u2019avenir<\/h2>\n      <p>Dans la vie, il faut oser d\u00e9passer l&#8217;espoir, embrasser les d\u00e9fis pour enfin faire l&#8217;amour au succ\u00e8s. (Lionnel Delon Dagba)<\/p>\n    <\/section>\n  <\/main>\n<\/body>\n<\/html>\n\n","protected":false},"excerpt":{"rendered":"<p class=\"card-text\">Principes et Valeurs \u2013 Belgium Bearpride Principes et Valeurs de la Belgium Bearpride 1. Inclusivit\u00e9 \u2013 NOUS sommes UN Nos diff\u00e9rences sont nos forces, l&#8217;ensemble des membres de la communaut\u00e9 LGBTQIAP+ et de la communaut\u00e9 h\u00e9t\u00e9ro, de toutes origines, sont les bienvenus dans les activit\u00e9s de la Belgium Bearpride. 2. Bodypositivit\u00e9 \u2013 Aimes-TOI \u00catre bien [&#8230;]<\/p>\n<p class=\"m-0\"><a class=\"btn btn-outline-secondary btn-read-more\" href=\"https:\/\/www.belgiumbearpride.be\/fr\/principes-et-valeurs-de-la-belgium-bearpride\/\">Read More<\/a><\/p>\n","protected":false},"author":7,"featured_media":0,"parent":0,"menu_order":0,"comment_status":"closed","ping_status":"closed","template":"","meta":{"footnotes":""},"class_list":["post-18343","page","type-page","status-publish","hentry"],"yoast_head":"<!-- This site is optimized with the Yoast SEO plugin v27.4 - https:\/\/yoast.com\/product\/yoast-seo-wordpress\/ -->\n<title>Principes et Valeurs - Belgium Bearpride<\/title>\n<meta name=\"robots\" content=\"index, follow, max-snippet:-1, max-image-preview:large, max-video-preview:-1\" \/>\n<link rel=\"canonical\" href=\"https:\/\/www.belgiumbearpride.be\/fr\/principes-et-valeurs-de-la-belgium-bearpride\/\" \/>\n<meta property=\"og:locale\" content=\"fr_FR\" \/>\n<meta property=\"og:type\" content=\"article\" \/>\n<meta property=\"og:title\" content=\"Principes et Valeurs - Belgium Bearpride\" \/>\n<meta property=\"og:description\" content=\"Principes et Valeurs \u2013 Belgium Bearpride Principes et Valeurs de la Belgium Bearpride 1. Inclusivit\u00e9 \u2013 NOUS sommes UN Nos diff\u00e9rences sont nos forces, l&#8217;ensemble des membres de la communaut\u00e9 LGBTQIAP+ et de la communaut\u00e9 h\u00e9t\u00e9ro, de toutes origines, sont les bienvenus dans les activit\u00e9s de la Belgium Bearpride. 2. Bodypositivit\u00e9 \u2013 Aimes-TOI \u00catre bien [...]Read More\" \/>\n<meta property=\"og:url\" content=\"https:\/\/www.belgiumbearpride.be\/fr\/principes-et-valeurs-de-la-belgium-bearpride\/\" \/>\n<meta property=\"og:site_name\" content=\"Belgium Bearpride\" \/>\n<meta property=\"article:publisher\" content=\"https:\/\/www.facebook.com\/mrbearbelgium\" \/>\n<meta property=\"article:modified_time\" content=\"2025-07-08T11:48:03+00:00\" \/>\n<meta name=\"twitter:card\" content=\"summary_large_image\" \/>\n<meta name=\"twitter:label1\" content=\"Dur\u00e9e de lecture estim\u00e9e\" \/>\n\t<meta name=\"twitter:data1\" content=\"1 minute\" \/>\n<script type=\"application\/ld+json\" class=\"yoast-schema-graph\">{\"@context\":\"https:\\\/\\\/schema.org\",\"@graph\":[{\"@type\":\"WebPage\",\"@id\":\"https:\\\/\\\/www.belgiumbearpride.be\\\/fr\\\/principes-et-valeurs-de-la-belgium-bearpride\\\/\",\"url\":\"https:\\\/\\\/www.belgiumbearpride.be\\\/fr\\\/principes-et-valeurs-de-la-belgium-bearpride\\\/\",\"name\":\"Principes et Valeurs - Belgium Bearpride\",\"isPartOf\":{\"@id\":\"https:\\\/\\\/www.belgiumbearpride.be\\\/fr\\\/#website\"},\"datePublished\":\"2025-07-01T14:11:45+00:00\",\"dateModified\":\"2025-07-08T11:48:03+00:00\",\"breadcrumb\":{\"@id\":\"https:\\\/\\\/www.belgiumbearpride.be\\\/fr\\\/principes-et-valeurs-de-la-belgium-bearpride\\\/#breadcrumb\"},\"inLanguage\":\"fr-FR\",\"potentialAction\":[{\"@type\":\"ReadAction\",\"target\":[\"https:\\\/\\\/www.belgiumbearpride.be\\\/fr\\\/principes-et-valeurs-de-la-belgium-bearpride\\\/\"]}]},{\"@type\":\"BreadcrumbList\",\"@id\":\"https:\\\/\\\/www.belgiumbearpride.be\\\/fr\\\/principes-et-valeurs-de-la-belgium-bearpride\\\/#breadcrumb\",\"itemListElement\":[{\"@type\":\"ListItem\",\"position\":1,\"name\":\"Home\",\"item\":\"https:\\\/\\\/www.belgiumbearpride.be\\\/fr\\\/\"},{\"@type\":\"ListItem\",\"position\":2,\"name\":\"Principes et Valeurs\"}]},{\"@type\":\"WebSite\",\"@id\":\"https:\\\/\\\/www.belgiumbearpride.be\\\/fr\\\/#website\",\"url\":\"https:\\\/\\\/www.belgiumbearpride.be\\\/fr\\\/\",\"name\":\"Belgium Bearpride\",\"description\":\"\",\"publisher\":{\"@id\":\"https:\\\/\\\/www.belgiumbearpride.be\\\/fr\\\/#organization\"},\"potentialAction\":[{\"@type\":\"SearchAction\",\"target\":{\"@type\":\"EntryPoint\",\"urlTemplate\":\"https:\\\/\\\/www.belgiumbearpride.be\\\/fr\\\/?s={search_term_string}\"},\"query-input\":{\"@type\":\"PropertyValueSpecification\",\"valueRequired\":true,\"valueName\":\"search_term_string\"}}],\"inLanguage\":\"fr-FR\"},{\"@type\":\"Organization\",\"@id\":\"https:\\\/\\\/www.belgiumbearpride.be\\\/fr\\\/#organization\",\"name\":\"Belgium Bearpride\",\"url\":\"https:\\\/\\\/www.belgiumbearpride.be\\\/fr\\\/\",\"logo\":{\"@type\":\"ImageObject\",\"inLanguage\":\"fr-FR\",\"@id\":\"https:\\\/\\\/www.belgiumbearpride.be\\\/fr\\\/#\\\/schema\\\/logo\\\/image\\\/\",\"url\":\"\",\"contentUrl\":\"\",\"caption\":\"Belgium Bearpride\"},\"image\":{\"@id\":\"https:\\\/\\\/www.belgiumbearpride.be\\\/fr\\\/#\\\/schema\\\/logo\\\/image\\\/\"},\"sameAs\":[\"https:\\\/\\\/www.facebook.com\\\/mrbearbelgium\",\"https:\\\/\\\/www.youtube.com\\\/channel\\\/UCxBDXniEAjLsFzN2ToLe8Jw\",\"https:\\\/\\\/www.instagram.com\\\/belgiumbearpride\\\/\"]}]}<\/script>\n<!-- \/ Yoast SEO plugin. -->","yoast_head_json":{"title":"Principes et Valeurs - Belgium Bearpride","robots":{"index":"index","follow":"follow","max-snippet":"max-snippet:-1","max-image-preview":"max-image-preview:large","max-video-preview":"max-video-preview:-1"},"canonical":"https:\/\/www.belgiumbearpride.be\/fr\/principes-et-valeurs-de-la-belgium-bearpride\/","og_locale":"fr_FR","og_type":"article","og_title":"Principes et Valeurs - Belgium Bearpride","og_description":"Principes et Valeurs \u2013 Belgium Bearpride Principes et Valeurs de la Belgium Bearpride 1. Inclusivit\u00e9 \u2013 NOUS sommes UN Nos diff\u00e9rences sont nos forces, l&#8217;ensemble des membres de la communaut\u00e9 LGBTQIAP+ et de la communaut\u00e9 h\u00e9t\u00e9ro, de toutes origines, sont les bienvenus dans les activit\u00e9s de la Belgium Bearpride. 2. Bodypositivit\u00e9 \u2013 Aimes-TOI \u00catre bien [...]Read More","og_url":"https:\/\/www.belgiumbearpride.be\/fr\/principes-et-valeurs-de-la-belgium-bearpride\/","og_site_name":"Belgium Bearpride","article_publisher":"https:\/\/www.facebook.com\/mrbearbelgium","article_modified_time":"2025-07-08T11:48:03+00:00","twitter_card":"summary_large_image","twitter_misc":{"Dur\u00e9e de lecture estim\u00e9e":"1 minute"},"schema":{"@context":"https:\/\/schema.org","@graph":[{"@type":"WebPage","@id":"https:\/\/www.belgiumbearpride.be\/fr\/principes-et-valeurs-de-la-belgium-bearpride\/","url":"https:\/\/www.belgiumbearpride.be\/fr\/principes-et-valeurs-de-la-belgium-bearpride\/","name":"Principes et Valeurs - Belgium Bearpride","isPartOf":{"@id":"https:\/\/www.belgiumbearpride.be\/fr\/#website"},"datePublished":"2025-07-01T14:11:45+00:00","dateModified":"2025-07-08T11:48:03+00:00","breadcrumb":{"@id":"https:\/\/www.belgiumbearpride.be\/fr\/principes-et-valeurs-de-la-belgium-bearpride\/#breadcrumb"},"inLanguage":"fr-FR","potentialAction":[{"@type":"ReadAction","target":["https:\/\/www.belgiumbearpride.be\/fr\/principes-et-valeurs-de-la-belgium-bearpride\/"]}]},{"@type":"BreadcrumbList","@id":"https:\/\/www.belgiumbearpride.be\/fr\/principes-et-valeurs-de-la-belgium-bearpride\/#breadcrumb","itemListElement":[{"@type":"ListItem","position":1,"name":"Home","item":"https:\/\/www.belgiumbearpride.be\/fr\/"},{"@type":"ListItem","position":2,"name":"Principes et Valeurs"}]},{"@type":"WebSite","@id":"https:\/\/www.belgiumbearpride.be\/fr\/#website","url":"https:\/\/www.belgiumbearpride.be\/fr\/","name":"Belgium Bearpride","description":"","publisher":{"@id":"https:\/\/www.belgiumbearpride.be\/fr\/#organization"},"potentialAction":[{"@type":"SearchAction","target":{"@type":"EntryPoint","urlTemplate":"https:\/\/www.belgiumbearpride.be\/fr\/?s={search_term_string}"},"query-input":{"@type":"PropertyValueSpecification","valueRequired":true,"valueName":"search_term_string"}}],"inLanguage":"fr-FR"},{"@type":"Organization","@id":"https:\/\/www.belgiumbearpride.be\/fr\/#organization","name":"Belgium Bearpride","url":"https:\/\/www.belgiumbearpride.be\/fr\/","logo":{"@type":"ImageObject","inLanguage":"fr-FR","@id":"https:\/\/www.belgiumbearpride.be\/fr\/#\/schema\/logo\/image\/","url":"","contentUrl":"","caption":"Belgium Bearpride"},"image":{"@id":"https:\/\/www.belgiumbearpride.be\/fr\/#\/schema\/logo\/image\/"},"sameAs":["https:\/\/www.facebook.com\/mrbearbelgium","https:\/\/www.youtube.com\/channel\/UCxBDXniEAjLsFzN2ToLe8Jw","https:\/\/www.instagram.com\/belgiumbearpride\/"]}]}},"_links":{"self":[{"href":"https:\/\/www.belgiumbearpride.be\/fr\/wp-json\/wp\/v2\/pages\/18343","targetHints":{"allow":["GET"]}}],"collection":[{"href":"https:\/\/www.belgiumbearpride.be\/fr\/wp-json\/wp\/v2\/pages"}],"about":[{"href":"https:\/\/www.belgiumbearpride.be\/fr\/wp-json\/wp\/v2\/types\/page"}],"author":[{"embeddable":true,"href":"https:\/\/www.belgiumbearpride.be\/fr\/wp-json\/wp\/v2\/users\/7"}],"replies":[{"embeddable":true,"href":"https:\/\/www.belgiumbearpride.be\/fr\/wp-json\/wp\/v2\/comments?post=18343"}],"version-history":[{"count":0,"href":"https:\/\/www.belgiumbearpride.be\/fr\/wp-json\/wp\/v2\/pages\/18343\/revisions"}],"wp:attachment":[{"href":"https:\/\/www.belgiumbearpride.be\/fr\/wp-json\/wp\/v2\/media?parent=18343"}],"curies":[{"name":"wp","href":"https:\/\/api.w.org\/{rel}","templated":true}]}}