{"id":16845,"date":"2025-04-23T20:06:57","date_gmt":"2025-04-23T18:06:57","guid":{"rendered":"https:\/\/www.belgiumbearpride.be\/?page_id=16845"},"modified":"2026-01-18T22:11:25","modified_gmt":"2026-01-18T21:11:25","slug":"deviens-membre","status":"publish","type":"page","link":"https:\/\/www.belgiumbearpride.be\/fr\/deviens-membre\/","title":{"rendered":"Devenir Membre"},"content":{"rendered":"\n<div style=\"height:100px\" aria-hidden=\"true\" class=\"wp-block-spacer\"><\/div>\n\n\n<div class=\"wp-block-image\">\n<figure class=\"aligncenter size-large is-resized\"><img decoding=\"async\" src=\"https:\/\/www.belgiumbearpride.be\/wp-content\/uploads\/2025\/10\/WhatsApp-Image-2025-10-07-at-19.24.56-e1759858548845.jpeg\" alt=\"\" style=\"width:567px;height:auto\"\/><\/figure>\n<\/div>\n\n\n<!-- Devenir membre sympathisant \u2014 Belgium Bearpride -->\n<section class=\"bbp-membership\" style=\"max-width:840px;margin:20px auto;padding:22px;border-radius:12px;background:#111827;color:#ffffff;font-family:system-ui,-apple-system,Segoe UI,Roboto,Arial,sans-serif;\">\n  <header style=\"margin-bottom:12px;\">\n    <h2 style=\"font-size:20px;margin:0 0 8px;\">Devenir membre sympathisant de Belgium Bearpride<\/h2>\n    <p style=\"margin:0;color:#d1d5db;\">\n      Pour celles et ceux qui souhaitent devenir <strong>membre sympathisant<\/strong>, la proc\u00e9dure est la suivante.\n    <\/p>\n  <\/header>\n\n  <div style=\"background:#0b1220;padding:14px;border-radius:10px;margin-top:16px;color:#e5e7eb;\">\n    <p>\n      Vous \u00eates invit\u00e9\u00b7e \u00e0 envoyer un e-mail exposant bri\u00e8vement votre motivation \u00e0 l\u2019adresse suivante :<br>\n      <strong>\n        <a href=\"mailto:info@belgiumbearpride.be\" style=\"color:#ec9b29;text-decoration:none;\">\n          info@belgiumbearpride.be\n        <\/a>\n      <\/strong>\n    <\/p>\n\n    <p>\n      <strong>Objet du mail :<\/strong> Demande pour \u00eatre membre sympathisant\n    <\/p>\n\n    <p>\n      Une fois votre message re\u00e7u, votre demande sera soumise \u00e0 l\u2019Organe d\u2019Administration (OA),\n      qui statuera sur son acceptation ou non.\n    <\/p>\n\n    <p>\n      En cas d\u2019approbation, il vous sera demand\u00e9 d\u2019effectuer le paiement de la cotisation annuelle de <strong>20 \u20ac<\/strong>.\n    <\/p>\n\n    <p style=\"margin-top:14px;color:#cbd5e1;\">\n      Une fois votre demande approuv\u00e9e <strong>et le paiement de la cotisation effectu\u00e9 et re\u00e7u<\/strong>,\n      vous b\u00e9n\u00e9ficierez des avantages suivants :\n    <\/p>\n\n    <ul style=\"margin:6px 0 0 18px;list-style:disc;\">\n      <li>Participation \u00e0 l\u2019Assembl\u00e9e G\u00e9n\u00e9rale (droit de vote consultatif)<\/li>\n      <li>D\u00e9couverte en avant-premi\u00e8re des nouveaux candidats<\/li>\n      <li>R\u00e9ception de la newsletter<\/li>\n      <li>Et d\u2019autres avantages tout au long de l\u2019ann\u00e9e<\/li>\n    <\/ul>\n  <\/div>\n\n  <p style=\"text-align:center;margin-top:20px;color:#d1d5db;font-size:15px;\">\n    Vous ne souhaitez pas devenir membre mais voulez recevoir la newsletter gratuitement ?<br>\n    Cliquez simplement sur le bouton ci-dessous et remplissez le formulaire.\n  <\/p>\n\n  <div style=\"text-align:center;margin-top:20px;\">\n    <a href=\"https:\/\/www.belgiumbearpride.be\/free-newsletter\/\" target=\"_blank\"\n       style=\"display:inline-block;background-color:#ec9b29;color:white;font-weight:bold;padding:12px 25px;text-decoration:none;border-radius:8px;font-size:16px;margin:10px auto;\">\n      Newsletter gratuite\n    <\/a>\n  <\/div>\n\n  <footer style=\"margin-top:16px;color:#9ca3af;font-size:13px;text-align:center;\">\n    Pour toute question concernant le processus d\u2019adh\u00e9sion, veuillez contacter notre \u00e9quipe.\n  <\/footer>\n<\/section>\n\n","protected":false},"excerpt":{"rendered":"<p class=\"card-text\">Devenir membre sympathisant de Belgium Bearpride Pour celles et ceux qui souhaitent devenir membre sympathisant, la proc\u00e9dure est la suivante. Vous \u00eates invit\u00e9\u00b7e \u00e0 envoyer un e-mail exposant bri\u00e8vement votre motivation \u00e0 l\u2019adresse suivante : info@belgiumbearpride.be Objet du mail : Demande pour \u00eatre membre sympathisant Une fois votre message re\u00e7u, votre demande sera soumise \u00e0 [&#8230;]<\/p>\n<p class=\"m-0\"><a class=\"btn btn-outline-secondary btn-read-more\" href=\"https:\/\/www.belgiumbearpride.be\/fr\/deviens-membre\/\">Read More<\/a><\/p>\n","protected":false},"author":7,"featured_media":0,"parent":0,"menu_order":0,"comment_status":"closed","ping_status":"closed","template":"","meta":{"footnotes":""},"class_list":["post-16845","page","type-page","status-publish","hentry"],"yoast_head":"<!-- This site is optimized with the Yoast SEO plugin v27.3 - https:\/\/yoast.com\/product\/yoast-seo-wordpress\/ -->\n<title>Devenir Membre - Belgium Bearpride<\/title>\n<meta name=\"robots\" content=\"index, follow, max-snippet:-1, max-image-preview:large, max-video-preview:-1\" \/>\n<link rel=\"canonical\" href=\"https:\/\/www.belgiumbearpride.be\/fr\/deviens-membre\/\" \/>\n<meta property=\"og:locale\" content=\"fr_FR\" \/>\n<meta property=\"og:type\" content=\"article\" \/>\n<meta property=\"og:title\" content=\"Devenir Membre - Belgium Bearpride\" \/>\n<meta property=\"og:description\" content=\"Devenir membre sympathisant de Belgium Bearpride Pour celles et ceux qui souhaitent devenir membre sympathisant, la proc\u00e9dure est la suivante. Vous \u00eates invit\u00e9\u00b7e \u00e0 envoyer un e-mail exposant bri\u00e8vement votre motivation \u00e0 l\u2019adresse suivante : info@belgiumbearpride.be Objet du mail : Demande pour \u00eatre membre sympathisant Une fois votre message re\u00e7u, votre demande sera soumise \u00e0 [...]Read More\" \/>\n<meta property=\"og:url\" content=\"https:\/\/www.belgiumbearpride.be\/fr\/deviens-membre\/\" \/>\n<meta property=\"og:site_name\" content=\"Belgium Bearpride\" \/>\n<meta property=\"article:publisher\" content=\"https:\/\/www.facebook.com\/mrbearbelgium\" \/>\n<meta property=\"article:modified_time\" content=\"2026-01-18T21:11:25+00:00\" \/>\n<meta property=\"og:image\" content=\"https:\/\/www.belgiumbearpride.be\/wp-content\/uploads\/2025\/10\/WhatsApp-Image-2025-10-07-at-19.24.56-e1759858548845.jpeg\" \/>\n<meta name=\"twitter:card\" content=\"summary_large_image\" \/>\n<meta name=\"twitter:label1\" content=\"Dur\u00e9e de lecture estim\u00e9e\" \/>\n\t<meta name=\"twitter:data1\" content=\"2 minutes\" \/>\n<script type=\"application\/ld+json\" class=\"yoast-schema-graph\">{\"@context\":\"https:\\\/\\\/schema.org\",\"@graph\":[{\"@type\":\"WebPage\",\"@id\":\"https:\\\/\\\/www.belgiumbearpride.be\\\/fr\\\/deviens-membre\\\/\",\"url\":\"https:\\\/\\\/www.belgiumbearpride.be\\\/fr\\\/deviens-membre\\\/\",\"name\":\"Devenir Membre - Belgium Bearpride\",\"isPartOf\":{\"@id\":\"https:\\\/\\\/www.belgiumbearpride.be\\\/fr\\\/#website\"},\"primaryImageOfPage\":{\"@id\":\"https:\\\/\\\/www.belgiumbearpride.be\\\/fr\\\/deviens-membre\\\/#primaryimage\"},\"image\":{\"@id\":\"https:\\\/\\\/www.belgiumbearpride.be\\\/fr\\\/deviens-membre\\\/#primaryimage\"},\"thumbnailUrl\":\"https:\\\/\\\/www.belgiumbearpride.be\\\/wp-content\\\/uploads\\\/2025\\\/10\\\/WhatsApp-Image-2025-10-07-at-19.24.56-e1759858548845.jpeg\",\"datePublished\":\"2025-04-23T18:06:57+00:00\",\"dateModified\":\"2026-01-18T21:11:25+00:00\",\"breadcrumb\":{\"@id\":\"https:\\\/\\\/www.belgiumbearpride.be\\\/fr\\\/deviens-membre\\\/#breadcrumb\"},\"inLanguage\":\"fr-FR\",\"potentialAction\":[{\"@type\":\"ReadAction\",\"target\":[\"https:\\\/\\\/www.belgiumbearpride.be\\\/fr\\\/deviens-membre\\\/\"]}]},{\"@type\":\"ImageObject\",\"inLanguage\":\"fr-FR\",\"@id\":\"https:\\\/\\\/www.belgiumbearpride.be\\\/fr\\\/deviens-membre\\\/#primaryimage\",\"url\":\"https:\\\/\\\/www.belgiumbearpride.be\\\/wp-content\\\/uploads\\\/2025\\\/10\\\/WhatsApp-Image-2025-10-07-at-19.24.56-e1759858548845.jpeg\",\"contentUrl\":\"https:\\\/\\\/www.belgiumbearpride.be\\\/wp-content\\\/uploads\\\/2025\\\/10\\\/WhatsApp-Image-2025-10-07-at-19.24.56-e1759858548845.jpeg\"},{\"@type\":\"BreadcrumbList\",\"@id\":\"https:\\\/\\\/www.belgiumbearpride.be\\\/fr\\\/deviens-membre\\\/#breadcrumb\",\"itemListElement\":[{\"@type\":\"ListItem\",\"position\":1,\"name\":\"Home\",\"item\":\"https:\\\/\\\/www.belgiumbearpride.be\\\/fr\\\/\"},{\"@type\":\"ListItem\",\"position\":2,\"name\":\"Devenir Membre\"}]},{\"@type\":\"WebSite\",\"@id\":\"https:\\\/\\\/www.belgiumbearpride.be\\\/fr\\\/#website\",\"url\":\"https:\\\/\\\/www.belgiumbearpride.be\\\/fr\\\/\",\"name\":\"Belgium Bearpride\",\"description\":\"\",\"publisher\":{\"@id\":\"https:\\\/\\\/www.belgiumbearpride.be\\\/fr\\\/#organization\"},\"potentialAction\":[{\"@type\":\"SearchAction\",\"target\":{\"@type\":\"EntryPoint\",\"urlTemplate\":\"https:\\\/\\\/www.belgiumbearpride.be\\\/fr\\\/?s={search_term_string}\"},\"query-input\":{\"@type\":\"PropertyValueSpecification\",\"valueRequired\":true,\"valueName\":\"search_term_string\"}}],\"inLanguage\":\"fr-FR\"},{\"@type\":\"Organization\",\"@id\":\"https:\\\/\\\/www.belgiumbearpride.be\\\/fr\\\/#organization\",\"name\":\"Belgium Bearpride\",\"url\":\"https:\\\/\\\/www.belgiumbearpride.be\\\/fr\\\/\",\"logo\":{\"@type\":\"ImageObject\",\"inLanguage\":\"fr-FR\",\"@id\":\"https:\\\/\\\/www.belgiumbearpride.be\\\/fr\\\/#\\\/schema\\\/logo\\\/image\\\/\",\"url\":\"\",\"contentUrl\":\"\",\"caption\":\"Belgium Bearpride\"},\"image\":{\"@id\":\"https:\\\/\\\/www.belgiumbearpride.be\\\/fr\\\/#\\\/schema\\\/logo\\\/image\\\/\"},\"sameAs\":[\"https:\\\/\\\/www.facebook.com\\\/mrbearbelgium\",\"https:\\\/\\\/www.youtube.com\\\/channel\\\/UCxBDXniEAjLsFzN2ToLe8Jw\",\"https:\\\/\\\/www.instagram.com\\\/belgiumbearpride\\\/\"]}]}<\/script>\n<!-- \/ Yoast SEO plugin. -->","yoast_head_json":{"title":"Devenir Membre - Belgium Bearpride","robots":{"index":"index","follow":"follow","max-snippet":"max-snippet:-1","max-image-preview":"max-image-preview:large","max-video-preview":"max-video-preview:-1"},"canonical":"https:\/\/www.belgiumbearpride.be\/fr\/deviens-membre\/","og_locale":"fr_FR","og_type":"article","og_title":"Devenir Membre - Belgium Bearpride","og_description":"Devenir membre sympathisant de Belgium Bearpride Pour celles et ceux qui souhaitent devenir membre sympathisant, la proc\u00e9dure est la suivante. Vous \u00eates invit\u00e9\u00b7e \u00e0 envoyer un e-mail exposant bri\u00e8vement votre motivation \u00e0 l\u2019adresse suivante : info@belgiumbearpride.be Objet du mail : Demande pour \u00eatre membre sympathisant Une fois votre message re\u00e7u, votre demande sera soumise \u00e0 [...]Read More","og_url":"https:\/\/www.belgiumbearpride.be\/fr\/deviens-membre\/","og_site_name":"Belgium Bearpride","article_publisher":"https:\/\/www.facebook.com\/mrbearbelgium","article_modified_time":"2026-01-18T21:11:25+00:00","og_image":[{"url":"https:\/\/www.belgiumbearpride.be\/wp-content\/uploads\/2025\/10\/WhatsApp-Image-2025-10-07-at-19.24.56-e1759858548845.jpeg","type":"","width":"","height":""}],"twitter_card":"summary_large_image","twitter_misc":{"Dur\u00e9e de lecture estim\u00e9e":"2 minutes"},"schema":{"@context":"https:\/\/schema.org","@graph":[{"@type":"WebPage","@id":"https:\/\/www.belgiumbearpride.be\/fr\/deviens-membre\/","url":"https:\/\/www.belgiumbearpride.be\/fr\/deviens-membre\/","name":"Devenir Membre - Belgium Bearpride","isPartOf":{"@id":"https:\/\/www.belgiumbearpride.be\/fr\/#website"},"primaryImageOfPage":{"@id":"https:\/\/www.belgiumbearpride.be\/fr\/deviens-membre\/#primaryimage"},"image":{"@id":"https:\/\/www.belgiumbearpride.be\/fr\/deviens-membre\/#primaryimage"},"thumbnailUrl":"https:\/\/www.belgiumbearpride.be\/wp-content\/uploads\/2025\/10\/WhatsApp-Image-2025-10-07-at-19.24.56-e1759858548845.jpeg","datePublished":"2025-04-23T18:06:57+00:00","dateModified":"2026-01-18T21:11:25+00:00","breadcrumb":{"@id":"https:\/\/www.belgiumbearpride.be\/fr\/deviens-membre\/#breadcrumb"},"inLanguage":"fr-FR","potentialAction":[{"@type":"ReadAction","target":["https:\/\/www.belgiumbearpride.be\/fr\/deviens-membre\/"]}]},{"@type":"ImageObject","inLanguage":"fr-FR","@id":"https:\/\/www.belgiumbearpride.be\/fr\/deviens-membre\/#primaryimage","url":"https:\/\/www.belgiumbearpride.be\/wp-content\/uploads\/2025\/10\/WhatsApp-Image-2025-10-07-at-19.24.56-e1759858548845.jpeg","contentUrl":"https:\/\/www.belgiumbearpride.be\/wp-content\/uploads\/2025\/10\/WhatsApp-Image-2025-10-07-at-19.24.56-e1759858548845.jpeg"},{"@type":"BreadcrumbList","@id":"https:\/\/www.belgiumbearpride.be\/fr\/deviens-membre\/#breadcrumb","itemListElement":[{"@type":"ListItem","position":1,"name":"Home","item":"https:\/\/www.belgiumbearpride.be\/fr\/"},{"@type":"ListItem","position":2,"name":"Devenir Membre"}]},{"@type":"WebSite","@id":"https:\/\/www.belgiumbearpride.be\/fr\/#website","url":"https:\/\/www.belgiumbearpride.be\/fr\/","name":"Belgium Bearpride","description":"","publisher":{"@id":"https:\/\/www.belgiumbearpride.be\/fr\/#organization"},"potentialAction":[{"@type":"SearchAction","target":{"@type":"EntryPoint","urlTemplate":"https:\/\/www.belgiumbearpride.be\/fr\/?s={search_term_string}"},"query-input":{"@type":"PropertyValueSpecification","valueRequired":true,"valueName":"search_term_string"}}],"inLanguage":"fr-FR"},{"@type":"Organization","@id":"https:\/\/www.belgiumbearpride.be\/fr\/#organization","name":"Belgium Bearpride","url":"https:\/\/www.belgiumbearpride.be\/fr\/","logo":{"@type":"ImageObject","inLanguage":"fr-FR","@id":"https:\/\/www.belgiumbearpride.be\/fr\/#\/schema\/logo\/image\/","url":"","contentUrl":"","caption":"Belgium Bearpride"},"image":{"@id":"https:\/\/www.belgiumbearpride.be\/fr\/#\/schema\/logo\/image\/"},"sameAs":["https:\/\/www.facebook.com\/mrbearbelgium","https:\/\/www.youtube.com\/channel\/UCxBDXniEAjLsFzN2ToLe8Jw","https:\/\/www.instagram.com\/belgiumbearpride\/"]}]}},"_links":{"self":[{"href":"https:\/\/www.belgiumbearpride.be\/fr\/wp-json\/wp\/v2\/pages\/16845","targetHints":{"allow":["GET"]}}],"collection":[{"href":"https:\/\/www.belgiumbearpride.be\/fr\/wp-json\/wp\/v2\/pages"}],"about":[{"href":"https:\/\/www.belgiumbearpride.be\/fr\/wp-json\/wp\/v2\/types\/page"}],"author":[{"embeddable":true,"href":"https:\/\/www.belgiumbearpride.be\/fr\/wp-json\/wp\/v2\/users\/7"}],"replies":[{"embeddable":true,"href":"https:\/\/www.belgiumbearpride.be\/fr\/wp-json\/wp\/v2\/comments?post=16845"}],"version-history":[{"count":0,"href":"https:\/\/www.belgiumbearpride.be\/fr\/wp-json\/wp\/v2\/pages\/16845\/revisions"}],"wp:attachment":[{"href":"https:\/\/www.belgiumbearpride.be\/fr\/wp-json\/wp\/v2\/media?parent=16845"}],"curies":[{"name":"wp","href":"https:\/\/api.w.org\/{rel}","templated":true}]}}